{"id":76,"date":"2024-04-02T18:56:37","date_gmt":"2024-04-02T21:56:37","guid":{"rendered":"https:\/?page_id=76"},"modified":"2025-01-22T15:04:48","modified_gmt":"2025-01-22T18:04:48","slug":"produtos","status":"publish","type":"page","link":"https:\/\/produtosmavi.com.br\/?page_id=76","title":{"rendered":"Produtos"},"content":{"rendered":"\t\t<div data-elementor-type=\"wp-page\" data-elementor-id=\"76\" class=\"elementor elementor-76\">\n\t\t\t\t<div class=\"elementor-element elementor-element-37ddc76 e-flex e-con-boxed e-con e-parent\" data-id=\"37ddc76\" data-element_type=\"container\" data-e-type=\"container\">\n\t\t\t\t\t<div class=\"e-con-inner\">\n\t\t\t\t<div class=\"elementor-element elementor-element-5212ea3 elementor-invisible elementor-widget elementor-widget-heading\" data-id=\"5212ea3\" data-element_type=\"widget\" data-e-type=\"widget\" data-settings=\"{&quot;_animation&quot;:&quot;fadeInLeft&quot;}\" data-widget_type=\"heading.default\">\n\t\t\t\t\t<h2 class=\"elementor-heading-title elementor-size-default\">Confira toda a linha de produtos da Mav\u00ed<\/h2>\t\t\t\t<\/div>\n\t\t\t\t<div class=\"elementor-element elementor-element-621cca8 elementor-widget elementor-widget-spacer\" data-id=\"621cca8\" data-element_type=\"widget\" data-e-type=\"widget\" data-widget_type=\"spacer.default\">\n\t\t\t\t\t\t\t<div class=\"elementor-spacer\">\n\t\t\t<div class=\"elementor-spacer-inner\"><\/div>\n\t\t<\/div>\n\t\t\t\t\t\t<\/div>\n\t\t\t\t\t<\/div>\n\t\t\t\t<\/div>\n\t\t<div class=\"elementor-element elementor-element-111e7435 e-grid e-con-boxed e-con e-parent\" data-id=\"111e7435\" data-element_type=\"container\" data-e-type=\"container\">\n\t\t\t\t\t<div class=\"e-con-inner\">\n\t\t\t\t<div class=\"elementor-element elementor-element-505cb63 elementor-invisible elementor-widget elementor-widget-image\" data-id=\"505cb63\" data-element_type=\"widget\" data-e-type=\"widget\" data-settings=\"{&quot;_animation&quot;:&quot;fadeInLeft&quot;}\" data-widget_type=\"image.default\">\n\t\t\t\t\t\t\t\t\t\t\t\t\t\t\t\t<a href=\"https:\/?page_id=250\">\n\t\t\t\t\t\t\t<img fetchpriority=\"high\" decoding=\"async\" width=\"819\" height=\"1024\" src=\"https:\/\/produtosmavi.com.br\/wp-content\/uploads\/2025\/01\/3-4-819x1024.png\" class=\"elementor-animation-grow attachment-large size-large wp-image-516\" alt=\"\" srcset=\"https:\/\/produtosmavi.com.br\/wp-content\/uploads\/2025\/01\/3-4-819x1024.png 819w, https:\/\/produtosmavi.com.br\/wp-content\/uploads\/2025\/01\/3-4-240x300.png 240w, https:\/\/produtosmavi.com.br\/wp-content\/uploads\/2025\/01\/3-4-768x960.png 768w, https:\/\/produtosmavi.com.br\/wp-content\/uploads\/2025\/01\/3-4.png 1080w\" sizes=\"(max-width: 819px) 100vw, 819px\" \/>\t\t\t\t\t\t\t\t<\/a>\n\t\t\t\t\t\t\t\t\t\t\t\t\t\t\t<\/div>\n\t\t\t\t<div class=\"elementor-element elementor-element-0a61473 elementor-invisible elementor-widget elementor-widget-image\" data-id=\"0a61473\" data-element_type=\"widget\" data-e-type=\"widget\" data-settings=\"{&quot;_animation&quot;:&quot;fadeInLeft&quot;}\" data-widget_type=\"image.default\">\n\t\t\t\t\t\t\t\t\t\t\t\t\t\t\t\t<a href=\"https:\/?page_id=154\">\n\t\t\t\t\t\t\t<img decoding=\"async\" width=\"819\" height=\"1024\" src=\"https:\/\/produtosmavi.com.br\/wp-content\/uploads\/2025\/01\/2-3-819x1024.png\" class=\"elementor-animation-grow attachment-large size-large wp-image-515\" alt=\"\" srcset=\"https:\/\/produtosmavi.com.br\/wp-content\/uploads\/2025\/01\/2-3-819x1024.png 819w, https:\/\/produtosmavi.com.br\/wp-content\/uploads\/2025\/01\/2-3-240x300.png 240w, https:\/\/produtosmavi.com.br\/wp-content\/uploads\/2025\/01\/2-3-768x960.png 768w, https:\/\/produtosmavi.com.br\/wp-content\/uploads\/2025\/01\/2-3.png 1080w\" sizes=\"(max-width: 819px) 100vw, 819px\" \/>\t\t\t\t\t\t\t\t<\/a>\n\t\t\t\t\t\t\t\t\t\t\t\t\t\t\t<\/div>\n\t\t\t\t<div class=\"elementor-element elementor-element-ed92a76 elementor-invisible elementor-widget elementor-widget-image\" data-id=\"ed92a76\" data-element_type=\"widget\" data-e-type=\"widget\" data-settings=\"{&quot;_animation&quot;:&quot;fadeInLeft&quot;}\" data-widget_type=\"image.default\">\n\t\t\t\t\t\t\t\t\t\t\t\t\t\t\t\t<a href=\"https:\/?page_id=208\">\n\t\t\t\t\t\t\t<img decoding=\"async\" width=\"819\" height=\"1024\" src=\"https:\/\/produtosmavi.com.br\/wp-content\/uploads\/2025\/01\/1-3-819x1024.png\" class=\"elementor-animation-grow attachment-large size-large wp-image-514\" alt=\"\" srcset=\"https:\/\/produtosmavi.com.br\/wp-content\/uploads\/2025\/01\/1-3-819x1024.png 819w, https:\/\/produtosmavi.com.br\/wp-content\/uploads\/2025\/01\/1-3-240x300.png 240w, https:\/\/produtosmavi.com.br\/wp-content\/uploads\/2025\/01\/1-3-768x960.png 768w, https:\/\/produtosmavi.com.br\/wp-content\/uploads\/2025\/01\/1-3.png 1080w\" sizes=\"(max-width: 819px) 100vw, 819px\" \/>\t\t\t\t\t\t\t\t<\/a>\n\t\t\t\t\t\t\t\t\t\t\t\t\t\t\t<\/div>\n\t\t\t\t\t<\/div>\n\t\t\t\t<\/div>\n\t\t<div class=\"elementor-element elementor-element-4874f12 e-flex e-con-boxed e-con e-parent\" data-id=\"4874f12\" data-element_type=\"container\" data-e-type=\"container\">\n\t\t\t\t\t<div class=\"e-con-inner\">\n\t\t\t\t<div class=\"elementor-element elementor-element-ae7ade5 elementor-widget elementor-widget-spacer\" data-id=\"ae7ade5\" data-element_type=\"widget\" data-e-type=\"widget\" data-widget_type=\"spacer.default\">\n\t\t\t\t\t\t\t<div class=\"elementor-spacer\">\n\t\t\t<div class=\"elementor-spacer-inner\"><\/div>\n\t\t<\/div>\n\t\t\t\t\t\t<\/div>\n\t\t\t\t<div class=\"elementor-element elementor-element-c94766d elementor-widget elementor-widget-heading\" data-id=\"c94766d\" data-element_type=\"widget\" data-e-type=\"widget\" data-widget_type=\"heading.default\">\n\t\t\t\t\t<h2 class=\"elementor-heading-title elementor-size-default\">Se preferir, voc\u00ea pode baixar o nosso cat\u00e1logo:<\/h2>\t\t\t\t<\/div>\n\t\t\t\t\t<\/div>\n\t\t\t\t<\/div>\n\t\t<div class=\"elementor-element elementor-element-13e72a5 e-flex e-con-boxed e-con e-parent\" data-id=\"13e72a5\" data-element_type=\"container\" data-e-type=\"container\">\n\t\t\t\t\t<div class=\"e-con-inner\">\n\t\t\t\t<div class=\"elementor-element elementor-element-106c00d elementor-button-info elementor-align-center elementor-widget elementor-widget-button\" data-id=\"106c00d\" data-element_type=\"widget\" data-e-type=\"widget\" data-widget_type=\"button.default\">\n\t\t\t\t\t\t\t\t\t\t<a class=\"elementor-button elementor-button-link elementor-size-sm elementor-animation-shrink\" href=\"https:\/wp-content\/uploads\/2025\/01\/mavi-2024.pdf\" target=\"_blank\">\n\t\t\t\t\t\t<span class=\"elementor-button-content-wrapper\">\n\t\t\t\t\t\t\t\t\t<span class=\"elementor-button-text\">CAT\u00c1LOGO 2025<\/span>\n\t\t\t\t\t<\/span>\n\t\t\t\t\t<\/a>\n\t\t\t\t\t\t\t\t<\/div>\n\t\t\t\t<div class=\"elementor-element elementor-element-6b74537 elementor-button-info elementor-align-center elementor-widget elementor-widget-button\" data-id=\"6b74537\" data-element_type=\"widget\" data-e-type=\"widget\" data-widget_type=\"button.default\">\n\t\t\t\t\t\t\t\t\t\t<a class=\"elementor-button elementor-button-link elementor-size-sm elementor-animation-shrink\" href=\"https:\/wp-content\/uploads\/2025\/01\/logo_mavi_final.pdf\" target=\"_blank\">\n\t\t\t\t\t\t<span class=\"elementor-button-content-wrapper\">\n\t\t\t\t\t\t\t\t\t<span class=\"elementor-button-text\">LOGOMARCA MAV\u00cd<\/span>\n\t\t\t\t\t<\/span>\n\t\t\t\t\t<\/a>\n\t\t\t\t\t\t\t\t<\/div>\n\t\t\t\t<div class=\"elementor-element elementor-element-c4ec175 elementor-widget elementor-widget-spacer\" data-id=\"c4ec175\" data-element_type=\"widget\" data-e-type=\"widget\" data-widget_type=\"spacer.default\">\n\t\t\t\t\t\t\t<div class=\"elementor-spacer\">\n\t\t\t<div class=\"elementor-spacer-inner\"><\/div>\n\t\t<\/div>\n\t\t\t\t\t\t<\/div>\n\t\t\t\t\t<\/div>\n\t\t\t\t<\/div>\n\t\t<div class=\"elementor-element elementor-element-d875074 e-flex e-con-boxed e-con e-parent\" data-id=\"d875074\" data-element_type=\"container\" data-e-type=\"container\">\n\t\t\t\t\t<div class=\"e-con-inner\">\n\t\t<div class=\"elementor-element elementor-element-3d82e12 e-flex e-con-boxed e-con e-child\" data-id=\"3d82e12\" data-element_type=\"container\" data-e-type=\"container\">\n\t\t\t\t\t<div class=\"e-con-inner\">\n\t\t\t\t<div class=\"elementor-element elementor-element-0917d3d elementor-widget elementor-widget-heading\" data-id=\"0917d3d\" data-element_type=\"widget\" data-e-type=\"widget\" data-widget_type=\"heading.default\">\n\t\t\t\t\t<h2 class=\"elementor-heading-title elementor-size-default\">Perguntas Frequentes:<\/h2>\t\t\t\t<\/div>\n\t\t\t\t\t<\/div>\n\t\t\t\t<\/div>\n\t\t\t\t\t<\/div>\n\t\t\t\t<\/div>\n\t\t<div class=\"elementor-element elementor-element-ec70a5d e-flex e-con-boxed e-con e-parent\" data-id=\"ec70a5d\" data-element_type=\"container\" data-e-type=\"container\">\n\t\t\t\t\t<div class=\"e-con-inner\">\n\t\t<div class=\"elementor-element elementor-element-9a23896 e-flex e-con-boxed e-con e-child\" data-id=\"9a23896\" data-element_type=\"container\" data-e-type=\"container\">\n\t\t\t\t\t<div class=\"e-con-inner\">\n\t\t\t\t<div class=\"elementor-element elementor-element-5439004 elementor-widget elementor-widget-n-accordion\" data-id=\"5439004\" data-element_type=\"widget\" data-e-type=\"widget\" data-settings=\"{&quot;default_state&quot;:&quot;expanded&quot;,&quot;max_items_expended&quot;:&quot;one&quot;,&quot;n_accordion_animation_duration&quot;:{&quot;unit&quot;:&quot;ms&quot;,&quot;size&quot;:400,&quot;sizes&quot;:[]}}\" data-widget_type=\"nested-accordion.default\">\n\t\t\t\t\t\t\t<div class=\"e-n-accordion\" aria-label=\"Accordion. Open links with Enter or Space, close with Escape, and navigate with Arrow Keys\">\n\t\t\t\t\t\t<details id=\"e-n-accordion-item-8830\" class=\"e-n-accordion-item\" open>\n\t\t\t\t<summary class=\"e-n-accordion-item-title\" data-accordion-index=\"1\" tabindex=\"0\" aria-expanded=\"true\" aria-controls=\"e-n-accordion-item-8830\" >\n\t\t\t\t\t<span class='e-n-accordion-item-title-header'><div class=\"e-n-accordion-item-title-text\"> Como entrar em contato com um representante da minha regi\u00e3o? <\/div><\/span>\n\t\t\t\t\t\t\t<span class='e-n-accordion-item-title-icon'>\n\t\t\t<span class='e-opened' ><svg aria-hidden=\"true\" class=\"e-font-icon-svg e-fas-minus\" viewBox=\"0 0 448 512\" xmlns=\"http:\/\/www.w3.org\/2000\/svg\"><path d=\"M416 208H32c-17.67 0-32 14.33-32 32v32c0 17.67 14.33 32 32 32h384c17.67 0 32-14.33 32-32v-32c0-17.67-14.33-32-32-32z\"><\/path><\/svg><\/span>\n\t\t\t<span class='e-closed'><svg aria-hidden=\"true\" class=\"e-font-icon-svg e-fas-plus\" viewBox=\"0 0 448 512\" xmlns=\"http:\/\/www.w3.org\/2000\/svg\"><path d=\"M416 208H272V64c0-17.67-14.33-32-32-32h-32c-17.67 0-32 14.33-32 32v144H32c-17.67 0-32 14.33-32 32v32c0 17.67 14.33 32 32 32h144v144c0 17.67 14.33 32 32 32h32c17.67 0 32-14.33 32-32V304h144c17.67 0 32-14.33 32-32v-32c0-17.67-14.33-32-32-32z\"><\/path><\/svg><\/span>\n\t\t<\/span>\n\n\t\t\t\t\t\t<\/summary>\n\t\t\t\t<div role=\"region\" aria-labelledby=\"e-n-accordion-item-8830\" class=\"elementor-element elementor-element-d7508e3 e-con-full e-flex e-con e-child\" data-id=\"d7508e3\" data-element_type=\"container\" data-e-type=\"container\">\n\t\t\t\t<div class=\"elementor-element elementor-element-8dfcd41 elementor-widget elementor-widget-text-editor\" data-id=\"8dfcd41\" data-element_type=\"widget\" data-e-type=\"widget\" data-widget_type=\"text-editor.default\">\n\t\t\t\t\t\t\t\t\t<p><span style=\"color: #454545; font-family: Montserrat, sans-serif; font-size: 16px; letter-spacing: normal; text-align: start; word-spacing: 0px; font-style: inherit; text-transform: inherit;\">Voc\u00ea pode clicar no s\u00edmbolo de whatsapp na p\u00e1gina principal, ou ligar no n\u00famero: (31) <a href=\"https:\/\/www.google.com\/search?q=mavi+betim&amp;oq=mavi+betim&amp;gs_lcrp=EgZjaHJvbWUqDwgAECMYJxjjAhiABBiKBTIPCAAQIxgnGOMCGIAEGIoFMhUIARAuGCcYrwEYxwEYgAQYigUYjgUyBggCEEUYQDIICAMQABgWGB4yCggEEAAYgAQYogQyCggFEAAYgAQYogQyCggGEAAYgAQYogTSAQkzMzY0ajBqMTWoAgiwAgE&amp;sourceid=chrome&amp;ie=UTF-8#\" data-dtype=\"d3ph\" data-local-attribute=\"d3ph\" data-ved=\"2ahUKEwifvovzrYeLAxVEp5UCHdrqLrIQkAgoAHoECD0QAw\"><span aria-label=\"Ligar para (31) 99555-7922\">99555-7922<\/span><\/a>, que a nossa equipe, vai te direcionar!<\/span><\/p>\t\t\t\t\t\t\t\t<\/div>\n\t\t\t\t<\/div>\n\t\t\t\t\t<\/details>\n\t\t\t\t\t\t<details id=\"e-n-accordion-item-8831\" class=\"e-n-accordion-item\" >\n\t\t\t\t<summary class=\"e-n-accordion-item-title\" data-accordion-index=\"2\" tabindex=\"-1\" aria-expanded=\"false\" aria-controls=\"e-n-accordion-item-8831\" >\n\t\t\t\t\t<span class='e-n-accordion-item-title-header'><div class=\"e-n-accordion-item-title-text\"> Como armazenar corretamente os produtos de Limpeza? <\/div><\/span>\n\t\t\t\t\t\t\t<span class='e-n-accordion-item-title-icon'>\n\t\t\t<span class='e-opened' ><svg aria-hidden=\"true\" class=\"e-font-icon-svg e-fas-minus\" viewBox=\"0 0 448 512\" xmlns=\"http:\/\/www.w3.org\/2000\/svg\"><path d=\"M416 208H32c-17.67 0-32 14.33-32 32v32c0 17.67 14.33 32 32 32h384c17.67 0 32-14.33 32-32v-32c0-17.67-14.33-32-32-32z\"><\/path><\/svg><\/span>\n\t\t\t<span class='e-closed'><svg aria-hidden=\"true\" class=\"e-font-icon-svg e-fas-plus\" viewBox=\"0 0 448 512\" xmlns=\"http:\/\/www.w3.org\/2000\/svg\"><path d=\"M416 208H272V64c0-17.67-14.33-32-32-32h-32c-17.67 0-32 14.33-32 32v144H32c-17.67 0-32 14.33-32 32v32c0 17.67 14.33 32 32 32h144v144c0 17.67 14.33 32 32 32h32c17.67 0 32-14.33 32-32V304h144c17.67 0 32-14.33 32-32v-32c0-17.67-14.33-32-32-32z\"><\/path><\/svg><\/span>\n\t\t<\/span>\n\n\t\t\t\t\t\t<\/summary>\n\t\t\t\t<div role=\"region\" aria-labelledby=\"e-n-accordion-item-8831\" class=\"elementor-element elementor-element-1f25808 e-con-full e-flex e-con e-child\" data-id=\"1f25808\" data-element_type=\"container\" data-e-type=\"container\">\n\t\t\t\t<div class=\"elementor-element elementor-element-d6c7be8 elementor-widget elementor-widget-text-editor\" data-id=\"d6c7be8\" data-element_type=\"widget\" data-e-type=\"widget\" data-widget_type=\"text-editor.default\">\n\t\t\t\t\t\t\t\t\t<p class=\"fs-18\">A maneira correta de armazenar e conservar produtos de limpeza \u00e9 crucial para garantir a seguran\u00e7a e a efic\u00e1cia desses produtos:<\/p>\n<ul class=\"list\">\n<li>Armazene os produtos de limpeza em um local fresco, seco e bem ventilado, longe do alcance de crian\u00e7as e de animais de estima\u00e7\u00e3o;<\/li>\n<li>Sempre leia os r\u00f3tulos e siga as instru\u00e7\u00f5es de uso e armazenamento fornecidas pelo fabricante. Eles cont\u00eam informa\u00e7\u00f5es essenciais;<\/li>\n<li>Mantenha os produtos de limpeza longe de alimentos, bebidas e utens\u00edlios de cozinha. Evite armazen\u00e1-los pr\u00f3ximos a produtos inflam\u00e1veis;<\/li>\n<li>Certifique-se de que as embalagens estejam bem fechadas ap\u00f3s o uso. Isso ajuda a evitar vazamentos e evapora\u00e7\u00e3o.<\/li>\n<\/ul>\t\t\t\t\t\t\t\t<\/div>\n\t\t\t\t<\/div>\n\t\t\t\t\t<\/details>\n\t\t\t\t\t\t<details id=\"e-n-accordion-item-8832\" class=\"e-n-accordion-item\" >\n\t\t\t\t<summary class=\"e-n-accordion-item-title\" data-accordion-index=\"3\" tabindex=\"-1\" aria-expanded=\"false\" aria-controls=\"e-n-accordion-item-8832\" >\n\t\t\t\t\t<span class='e-n-accordion-item-title-header'><div class=\"e-n-accordion-item-title-text\"> Como proceder em casos de inala\u00e7\u00e3o, ingest\u00e3o ou contato com os olhos? <\/div><\/span>\n\t\t\t\t\t\t\t<span class='e-n-accordion-item-title-icon'>\n\t\t\t<span class='e-opened' ><svg aria-hidden=\"true\" class=\"e-font-icon-svg e-fas-minus\" viewBox=\"0 0 448 512\" xmlns=\"http:\/\/www.w3.org\/2000\/svg\"><path d=\"M416 208H32c-17.67 0-32 14.33-32 32v32c0 17.67 14.33 32 32 32h384c17.67 0 32-14.33 32-32v-32c0-17.67-14.33-32-32-32z\"><\/path><\/svg><\/span>\n\t\t\t<span class='e-closed'><svg aria-hidden=\"true\" class=\"e-font-icon-svg e-fas-plus\" viewBox=\"0 0 448 512\" xmlns=\"http:\/\/www.w3.org\/2000\/svg\"><path d=\"M416 208H272V64c0-17.67-14.33-32-32-32h-32c-17.67 0-32 14.33-32 32v144H32c-17.67 0-32 14.33-32 32v32c0 17.67 14.33 32 32 32h144v144c0 17.67 14.33 32 32 32h32c17.67 0 32-14.33 32-32V304h144c17.67 0 32-14.33 32-32v-32c0-17.67-14.33-32-32-32z\"><\/path><\/svg><\/span>\n\t\t<\/span>\n\n\t\t\t\t\t\t<\/summary>\n\t\t\t\t<div role=\"region\" aria-labelledby=\"e-n-accordion-item-8832\" class=\"elementor-element elementor-element-e6a9485 e-con-full e-flex e-con e-child\" data-id=\"e6a9485\" data-element_type=\"container\" data-e-type=\"container\">\n\t\t\t\t<div class=\"elementor-element elementor-element-2144802 elementor-widget elementor-widget-text-editor\" data-id=\"2144802\" data-element_type=\"widget\" data-e-type=\"widget\" data-widget_type=\"text-editor.default\">\n\t\t\t\t\t\t\t\t\t<p class=\"fs-18\">Em qualquer situa\u00e7\u00e3o de emerg\u00eancia, \u00e9 essencial manter a calma e buscar orienta\u00e7\u00f5es profissionais o mais r\u00e1pido poss\u00edvel. Se poss\u00edvel, tenha informa\u00e7\u00f5es sobre a subst\u00e2ncia envolvida \u00e0 m\u00e3o, como nome do produto ou r\u00f3tulo, para fornecer ao profissional de sa\u00fade:<\/p><p class=\"fs-18\"><strong>Ingest\u00e3o:<\/strong>\u00a0Se algu\u00e9m ingerir uma subst\u00e2ncia t\u00f3xica, n\u00e3o provoque v\u00f4mito a menos que seja recomendado por um profissional de sa\u00fade. Em vez disso, contate imediatamente um centro de controle de intoxica\u00e7\u00f5es ou um m\u00e9dico para obter orienta\u00e7\u00f5es.<\/p><p class=\"fs-18\"><strong>Inala\u00e7\u00e3o:<\/strong>\u00a0Se algu\u00e9m inalar subst\u00e2ncias perigosas, remova a pessoa do local contaminado para um local bem ventilado. Se os sintomas persistirem ou piorarem, procure atendimento m\u00e9dico.<\/p><p class=\"fs-18\"><strong>Contato com a pele:<\/strong>\u00a0Em caso de contato com subst\u00e2ncias perigosas na pele, lave a \u00e1rea afetada com \u00e1gua corrente suave por pelo menos 15 minutos. Remova roupas contaminadas e procure atendimento m\u00e9dico se houver irrita\u00e7\u00e3o persistente.<\/p><p class=\"fs-18\"><strong>Contato com os olhos:<\/strong>\u00a0Se subst\u00e2ncias perigosas entrarem em contato com os olhos, lave os olhos com \u00e1gua corrente suave por pelo menos 15 minutos, mantendo as p\u00e1lpebras abertas. Procure imediatamente ajuda m\u00e9dica.<\/p><p class=\"fs-18\">Entre em contato com a <strong>CIAT<\/strong> \u2013 Centro de Informa\u00e7\u00f5es e Aux\u00edlio Toxicol\u00f3gico <em><strong>(31) 3239-9308.<\/strong><\/em><\/p><p><span style=\"color: #454545; font-family: Montserrat, sans-serif; letter-spacing: normal; text-align: start; word-spacing: 0px; font-style: inherit; text-transform: inherit;\">\u00a0<\/span><\/p>\t\t\t\t\t\t\t\t<\/div>\n\t\t\t\t<\/div>\n\t\t\t\t\t<\/details>\n\t\t\t\t\t\t<details id=\"e-n-accordion-item-8833\" class=\"e-n-accordion-item\" >\n\t\t\t\t<summary class=\"e-n-accordion-item-title\" data-accordion-index=\"4\" tabindex=\"-1\" aria-expanded=\"false\" aria-controls=\"e-n-accordion-item-8833\" >\n\t\t\t\t\t<span class='e-n-accordion-item-title-header'><div class=\"e-n-accordion-item-title-text\"> Onde encontro as FISPQ dos produtos? <\/div><\/span>\n\t\t\t\t\t\t\t<span class='e-n-accordion-item-title-icon'>\n\t\t\t<span class='e-opened' ><svg aria-hidden=\"true\" class=\"e-font-icon-svg e-fas-minus\" viewBox=\"0 0 448 512\" xmlns=\"http:\/\/www.w3.org\/2000\/svg\"><path d=\"M416 208H32c-17.67 0-32 14.33-32 32v32c0 17.67 14.33 32 32 32h384c17.67 0 32-14.33 32-32v-32c0-17.67-14.33-32-32-32z\"><\/path><\/svg><\/span>\n\t\t\t<span class='e-closed'><svg aria-hidden=\"true\" class=\"e-font-icon-svg e-fas-plus\" viewBox=\"0 0 448 512\" xmlns=\"http:\/\/www.w3.org\/2000\/svg\"><path d=\"M416 208H272V64c0-17.67-14.33-32-32-32h-32c-17.67 0-32 14.33-32 32v144H32c-17.67 0-32 14.33-32 32v32c0 17.67 14.33 32 32 32h144v144c0 17.67 14.33 32 32 32h32c17.67 0 32-14.33 32-32V304h144c17.67 0 32-14.33 32-32v-32c0-17.67-14.33-32-32-32z\"><\/path><\/svg><\/span>\n\t\t<\/span>\n\n\t\t\t\t\t\t<\/summary>\n\t\t\t\t<div role=\"region\" aria-labelledby=\"e-n-accordion-item-8833\" class=\"elementor-element elementor-element-7daba77 e-flex e-con-boxed e-con e-child\" data-id=\"7daba77\" data-element_type=\"container\" data-e-type=\"container\">\n\t\t\t\t\t<div class=\"e-con-inner\">\n\t\t\t\t<div class=\"elementor-element elementor-element-741e905 elementor-widget elementor-widget-text-editor\" data-id=\"741e905\" data-element_type=\"widget\" data-e-type=\"widget\" data-widget_type=\"text-editor.default\">\n\t\t\t\t\t\t\t\t\t<p>A <em><strong>FISPQ<\/strong><\/em> (Ficha de Informa\u00e7\u00f5es de Seguran\u00e7a de Produtos Qu\u00edmicos) de cada produto est\u00e1 dispon\u00edvel em sua respectiva p\u00e1gina dentro da se\u00e7\u00e3o &#8220;Produtos&#8221;. Garantimos acesso r\u00e1pido e f\u00e1cil para assegurar a sua seguran\u00e7a e o manuseio adequado dos nossos produtos.<\/p>\t\t\t\t\t\t\t\t<\/div>\n\t\t\t\t\t<\/div>\n\t\t\t\t<\/div>\n\t\t\t\t\t<\/details>\n\t\t\t\t\t<\/div>\n\t\t\t\t\t\t<\/div>\n\t\t\t\t\t<\/div>\n\t\t\t\t<\/div>\n\t\t\t\t\t<\/div>\n\t\t\t\t<\/div>\n\t\t\t\t<\/div>\n\t\t","protected":false},"excerpt":{"rendered":"<p>Confira toda a linha de produtos da Mav\u00ed Se preferir, voc\u00ea pode baixar o nosso cat\u00e1logo: CAT\u00c1LOGO 2025 LOGOMARCA MAV\u00cd Perguntas Frequentes: Como entrar em contato com um representante da minha regi\u00e3o? Voc\u00ea pode clicar no s\u00edmbolo de whatsapp na p\u00e1gina principal, ou ligar no n\u00famero: (31) 99555-7922, que a nossa equipe, vai te direcionar! [&hellip;]<\/p>\n","protected":false},"author":2,"featured_media":0,"parent":0,"menu_order":0,"comment_status":"closed","ping_status":"closed","template":"","meta":{"om_disable_all_campaigns":false,"_monsterinsights_skip_tracking":false,"_monsterinsights_sitenote_active":false,"_monsterinsights_sitenote_note":"","_monsterinsights_sitenote_category":0,"_uf_show_specific_survey":0,"_uf_disable_surveys":false,"_kadence_starter_templates_imported_post":false,"footnotes":""},"class_list":["post-76","page","type-page","status-publish","hentry"],"aioseo_notices":[],"_links":{"self":[{"href":"https:\/\/produtosmavi.com.br\/index.php?rest_route=\/wp\/v2\/pages\/76","targetHints":{"allow":["GET"]}}],"collection":[{"href":"https:\/\/produtosmavi.com.br\/index.php?rest_route=\/wp\/v2\/pages"}],"about":[{"href":"https:\/\/produtosmavi.com.br\/index.php?rest_route=\/wp\/v2\/types\/page"}],"author":[{"embeddable":true,"href":"https:\/\/produtosmavi.com.br\/index.php?rest_route=\/wp\/v2\/users\/2"}],"replies":[{"embeddable":true,"href":"https:\/\/produtosmavi.com.br\/index.php?rest_route=%2Fwp%2Fv2%2Fcomments&post=76"}],"version-history":[{"count":85,"href":"https:\/\/produtosmavi.com.br\/index.php?rest_route=\/wp\/v2\/pages\/76\/revisions"}],"predecessor-version":[{"id":931,"href":"https:\/\/produtosmavi.com.br\/index.php?rest_route=\/wp\/v2\/pages\/76\/revisions\/931"}],"wp:attachment":[{"href":"https:\/\/produtosmavi.com.br\/index.php?rest_route=%2Fwp%2Fv2%2Fmedia&parent=76"}],"curies":[{"name":"wp","href":"https:\/\/api.w.org\/{rel}","templated":true}]}}