{"id":317,"date":"2025-01-02T17:25:00","date_gmt":"2025-01-02T20:25:00","guid":{"rendered":"https:\/?page_id=317"},"modified":"2025-01-22T15:12:55","modified_gmt":"2025-01-22T18:12:55","slug":"terceirizacao","status":"publish","type":"page","link":"https:\/\/produtosmavi.com.br\/?page_id=317","title":{"rendered":"Terceiriza\u00e7\u00e3o"},"content":{"rendered":"\t\t<div data-elementor-type=\"wp-page\" data-elementor-id=\"317\" class=\"elementor elementor-317\">\n\t\t\t\t<div class=\"elementor-element elementor-element-5bbc19b e-con-full e-flex e-con e-parent\" data-id=\"5bbc19b\" data-element_type=\"container\" data-e-type=\"container\">\n\t\t\t\t<div class=\"elementor-element elementor-element-345b425 elementor-widget__width-initial elementor-invisible elementor-widget elementor-widget-heading\" data-id=\"345b425\" data-element_type=\"widget\" data-e-type=\"widget\" data-settings=\"{&quot;_animation&quot;:&quot;fadeInDown&quot;}\" data-widget_type=\"heading.default\">\n\t\t\t\t\t<h2 class=\"elementor-heading-title elementor-size-default\">Porque terceirizar os produtos de limpeza?<\/h2>\t\t\t\t<\/div>\n\t\t\t\t<\/div>\n\t\t<div class=\"elementor-element elementor-element-9ee8aa1 e-con-full e-flex e-con e-parent\" data-id=\"9ee8aa1\" data-element_type=\"container\" data-e-type=\"container\">\n\t\t\t\t<div class=\"elementor-element elementor-element-138d8ed elementor-widget__width-initial elementor-invisible elementor-widget elementor-widget-text-editor\" data-id=\"138d8ed\" data-element_type=\"widget\" data-e-type=\"widget\" data-settings=\"{&quot;_animation&quot;:&quot;fadeInDown&quot;}\" data-widget_type=\"text-editor.default\">\n\t\t\t\t\t\t\t\t\t<div class=\"elementor-element elementor-element-aeab79a exad-sticky-section-no exad-glass-effect-no elementor-widget elementor-widget-text-editor\" data-id=\"aeab79a\" data-element_type=\"widget\" data-widget_type=\"text-editor.default\"><div class=\"elementor-widget-container\"><div class=\"elementor-text-editor elementor-clearfix\"><p>\u00a0 \u00a0 \u00a0Identificada como uma alternativa eficaz para as empresas que querem ter <strong>marca pr\u00f3pria<\/strong>, a\u00a0terceiriza\u00e7\u00e3o de produtos de limpeza\u00a0surge no mercado como forma de dinamizar esse processo e torn\u00e1-lo seguro tanto para as empresas Terceiristas quanto para o consumidor final dos materiais de limpeza.<\/p><\/div><\/div><\/div><div class=\"elementor-element elementor-element-a286f9b exad-sticky-section-no exad-glass-effect-no elementor-widget elementor-widget-text-editor\" data-id=\"a286f9b\" data-element_type=\"widget\" data-widget_type=\"text-editor.default\"><div class=\"elementor-widget-container\"><div class=\"elementor-text-editor elementor-clearfix\"><p>\u00a0 \u00a0 \u00a0Com a alta na procura por itens com qualidade e seguran\u00e7a, como s\u00e3o os casos de sab\u00f5es, alvejantes, desinfetantes e outros itens que removem a sujeira e conferem limpeza, empresas est\u00e3o querendo cada vez mais <strong>terceirizar produtos<\/strong>\u00a0de limpeza, e buscando industrias que possuem<strong>\u00a0alta capacidade de fabrica\u00e7\u00e3o<\/strong>, dos variados tipos de materiais, com formula\u00e7\u00f5es altamente eficientes por pre\u00e7os muito mais em conta.<\/p><\/div><\/div><\/div>\t\t\t\t\t\t\t\t<\/div>\n\t\t\t\t<div class=\"elementor-element elementor-element-82c2a1a elementor-widget elementor-widget-spacer\" data-id=\"82c2a1a\" data-element_type=\"widget\" data-e-type=\"widget\" data-widget_type=\"spacer.default\">\n\t\t\t\t\t\t\t<div class=\"elementor-spacer\">\n\t\t\t<div class=\"elementor-spacer-inner\"><\/div>\n\t\t<\/div>\n\t\t\t\t\t\t<\/div>\n\t\t\t\t<\/div>\n\t\t<div class=\"elementor-element elementor-element-b687c24 e-grid e-con-boxed e-con e-parent\" data-id=\"b687c24\" data-element_type=\"container\" data-e-type=\"container\">\n\t\t\t\t\t<div class=\"e-con-inner\">\n\t\t\t\t<div class=\"elementor-element elementor-element-a654511 elementor-invisible elementor-widget elementor-widget-image\" data-id=\"a654511\" data-element_type=\"widget\" data-e-type=\"widget\" data-settings=\"{&quot;_animation&quot;:&quot;fadeInLeft&quot;}\" data-widget_type=\"image.default\">\n\t\t\t\t\t\t\t\t\t\t\t\t\t\t\t<img fetchpriority=\"high\" decoding=\"async\" width=\"1024\" height=\"1024\" src=\"https:\/\/produtosmavi.com.br\/wp-content\/uploads\/2025\/01\/foto-do-site-produtos-sua-marca-1-1024x1024.png\" class=\"attachment-large size-large wp-image-369\" alt=\"\" srcset=\"https:\/\/produtosmavi.com.br\/wp-content\/uploads\/2025\/01\/foto-do-site-produtos-sua-marca-1-1024x1024.png 1024w, https:\/\/produtosmavi.com.br\/wp-content\/uploads\/2025\/01\/foto-do-site-produtos-sua-marca-1-300x300.png 300w, https:\/\/produtosmavi.com.br\/wp-content\/uploads\/2025\/01\/foto-do-site-produtos-sua-marca-1-150x150.png 150w, https:\/\/produtosmavi.com.br\/wp-content\/uploads\/2025\/01\/foto-do-site-produtos-sua-marca-1-768x768.png 768w, https:\/\/produtosmavi.com.br\/wp-content\/uploads\/2025\/01\/foto-do-site-produtos-sua-marca-1.png 1080w\" sizes=\"(max-width: 1024px) 100vw, 1024px\" \/>\t\t\t\t\t\t\t\t\t\t\t\t\t\t\t<\/div>\n\t\t\t\t<div class=\"elementor-element elementor-element-ab4e4b7 elementor-invisible elementor-widget elementor-widget-image\" data-id=\"ab4e4b7\" data-element_type=\"widget\" data-e-type=\"widget\" data-settings=\"{&quot;_animation&quot;:&quot;fadeInLeft&quot;}\" data-widget_type=\"image.default\">\n\t\t\t\t\t\t\t\t\t\t\t\t\t\t\t<img decoding=\"async\" width=\"1024\" height=\"1024\" src=\"https:\/\/produtosmavi.com.br\/wp-content\/uploads\/2025\/01\/foto-do-site-produtos-sua-marca-3-1024x1024.png\" class=\"attachment-large size-large wp-image-811\" alt=\"\" srcset=\"https:\/\/produtosmavi.com.br\/wp-content\/uploads\/2025\/01\/foto-do-site-produtos-sua-marca-3-1024x1024.png 1024w, https:\/\/produtosmavi.com.br\/wp-content\/uploads\/2025\/01\/foto-do-site-produtos-sua-marca-3-300x300.png 300w, https:\/\/produtosmavi.com.br\/wp-content\/uploads\/2025\/01\/foto-do-site-produtos-sua-marca-3-150x150.png 150w, https:\/\/produtosmavi.com.br\/wp-content\/uploads\/2025\/01\/foto-do-site-produtos-sua-marca-3-768x768.png 768w, https:\/\/produtosmavi.com.br\/wp-content\/uploads\/2025\/01\/foto-do-site-produtos-sua-marca-3.png 1080w\" sizes=\"(max-width: 1024px) 100vw, 1024px\" \/>\t\t\t\t\t\t\t\t\t\t\t\t\t\t\t<\/div>\n\t\t\t\t<div class=\"elementor-element elementor-element-b745b77 elementor-invisible elementor-widget elementor-widget-image\" data-id=\"b745b77\" data-element_type=\"widget\" data-e-type=\"widget\" data-settings=\"{&quot;_animation&quot;:&quot;fadeInLeft&quot;}\" data-widget_type=\"image.default\">\n\t\t\t\t\t\t\t\t\t\t\t\t\t\t\t<img decoding=\"async\" width=\"1024\" height=\"1024\" src=\"https:\/\/produtosmavi.com.br\/wp-content\/uploads\/2025\/01\/foto-do-site-produtos-sua-marca-2-1024x1024.png\" class=\"attachment-large size-large wp-image-376\" alt=\"\" srcset=\"https:\/\/produtosmavi.com.br\/wp-content\/uploads\/2025\/01\/foto-do-site-produtos-sua-marca-2-1024x1024.png 1024w, https:\/\/produtosmavi.com.br\/wp-content\/uploads\/2025\/01\/foto-do-site-produtos-sua-marca-2-300x300.png 300w, https:\/\/produtosmavi.com.br\/wp-content\/uploads\/2025\/01\/foto-do-site-produtos-sua-marca-2-150x150.png 150w, https:\/\/produtosmavi.com.br\/wp-content\/uploads\/2025\/01\/foto-do-site-produtos-sua-marca-2-768x768.png 768w, https:\/\/produtosmavi.com.br\/wp-content\/uploads\/2025\/01\/foto-do-site-produtos-sua-marca-2.png 1080w\" sizes=\"(max-width: 1024px) 100vw, 1024px\" \/>\t\t\t\t\t\t\t\t\t\t\t\t\t\t\t<\/div>\n\t\t\t\t<div class=\"elementor-element elementor-element-e38075f elementor-invisible elementor-widget elementor-widget-text-editor\" data-id=\"e38075f\" data-element_type=\"widget\" data-e-type=\"widget\" data-settings=\"{&quot;_animation&quot;:&quot;fadeInLeft&quot;}\" data-widget_type=\"text-editor.default\">\n\t\t\t\t\t\t\t\t\t<h2 class=\"elementor-image-box-title\"><em>Estrutura<\/em><\/h2><p class=\"elementor-image-box-description\">A Mav\u00ed possui solu\u00e7\u00e3o sob medida para qualquer tipo de cliente, seja Varejista, Distribuidor ou Atacadista, e por ter uma f\u00e1brica ampla e moderna, consegue ter uma variedade de produtos muito grande, ofertados em diversos formatos e vers\u00f5es e para v\u00e1rios segmentos!<\/p>\t\t\t\t\t\t\t\t<\/div>\n\t\t\t\t<div class=\"elementor-element elementor-element-6054be6 elementor-invisible elementor-widget elementor-widget-text-editor\" data-id=\"6054be6\" data-element_type=\"widget\" data-e-type=\"widget\" data-settings=\"{&quot;_animation&quot;:&quot;fadeInLeft&quot;}\" data-widget_type=\"text-editor.default\">\n\t\t\t\t\t\t\t\t\t<h2 class=\"elementor-image-box-title\"><em><strong>Sua Pr\u00f3pria Marca<\/strong><\/em><\/h2><p class=\"elementor-image-box-description\">\u00c9 poss\u00edvel ter um produto premium de alt\u00edssima qualidade, com qualidade comprovada e certifica\u00e7\u00e3o da Anvisa, por pre\u00e7os muito mais competitivos e com a sua pr\u00f3pria marca e com a sua pr\u00f3pria pol\u00edtica de pre\u00e7os, e\u00a0 gerar ainda mais valor para o seu neg\u00f3cio.<\/p>\t\t\t\t\t\t\t\t<\/div>\n\t\t\t\t<div class=\"elementor-element elementor-element-6dd115d elementor-invisible elementor-widget elementor-widget-text-editor\" data-id=\"6dd115d\" data-element_type=\"widget\" data-e-type=\"widget\" data-settings=\"{&quot;_animation&quot;:&quot;fadeInLeft&quot;}\" data-widget_type=\"text-editor.default\">\n\t\t\t\t\t\t\t\t\t<h2 class=\"elementor-image-box-title\"><em><strong>Laborat\u00f3rio Especializado<\/strong><\/em><\/h2><p class=\"elementor-image-box-description\">A Mav\u00ed possui um laborat\u00f3rio especializado em desenvolvimento de novos produtos, e conta com funcion\u00e1rios dedicados , dando todo suporte documental, desenvolvimento de embalagens e treinamentos.<\/p>\t\t\t\t\t\t\t\t<\/div>\n\t\t\t\t\t<\/div>\n\t\t\t\t<\/div>\n\t\t<div class=\"elementor-element elementor-element-ee018b7 e-flex e-con-boxed e-con e-parent\" data-id=\"ee018b7\" data-element_type=\"container\" data-e-type=\"container\">\n\t\t\t\t\t<div class=\"e-con-inner\">\n\t\t\t\t<div class=\"elementor-element elementor-element-ca429c0 elementor-widget elementor-widget-spacer\" data-id=\"ca429c0\" data-element_type=\"widget\" data-e-type=\"widget\" data-widget_type=\"spacer.default\">\n\t\t\t\t\t\t\t<div class=\"elementor-spacer\">\n\t\t\t<div class=\"elementor-spacer-inner\"><\/div>\n\t\t<\/div>\n\t\t\t\t\t\t<\/div>\n\t\t\t\t<div class=\"elementor-element elementor-element-7a9251e elementor-invisible elementor-widget elementor-widget-heading\" data-id=\"7a9251e\" data-element_type=\"widget\" data-e-type=\"widget\" data-settings=\"{&quot;_animation&quot;:&quot;fadeInLeft&quot;}\" data-widget_type=\"heading.default\">\n\t\t\t\t\t<h2 class=\"elementor-heading-title elementor-size-default\">Clientes satisfeitos com os nossos produtos:<\/h2>\t\t\t\t<\/div>\n\t\t\t\t<div class=\"elementor-element elementor-element-359e501 elementor-arrows-position-inside elementor-pagination-position-outside elementor-invisible elementor-widget elementor-widget-image-carousel\" data-id=\"359e501\" data-element_type=\"widget\" data-e-type=\"widget\" data-settings=\"{&quot;slides_to_show&quot;:&quot;4&quot;,&quot;autoplay_speed&quot;:4899,&quot;speed&quot;:488,&quot;_animation&quot;:&quot;zoomIn&quot;,&quot;navigation&quot;:&quot;both&quot;,&quot;autoplay&quot;:&quot;yes&quot;,&quot;pause_on_hover&quot;:&quot;yes&quot;,&quot;pause_on_interaction&quot;:&quot;yes&quot;,&quot;infinite&quot;:&quot;yes&quot;}\" data-widget_type=\"image-carousel.default\">\n\t\t\t\t\t\t\t<div class=\"elementor-image-carousel-wrapper swiper\" role=\"region\" aria-roledescription=\"carousel\" aria-label=\"Carrossel de imagens\" dir=\"ltr\">\n\t\t\t<div class=\"elementor-image-carousel swiper-wrapper\" aria-live=\"off\">\n\t\t\t\t\t\t\t\t<div class=\"swiper-slide\" role=\"group\" aria-roledescription=\"slide\" aria-label=\"1 of 4\"><figure class=\"swiper-slide-inner\"><img decoding=\"async\" class=\"swiper-slide-image\" src=\"https:\/\/produtosmavi.com.br\/wp-content\/uploads\/2025\/01\/Logo-ABC-1-150x150.jpg\" alt=\"Logo-ABC-1\" \/><\/figure><\/div><div class=\"swiper-slide\" role=\"group\" aria-roledescription=\"slide\" aria-label=\"2 of 4\"><figure class=\"swiper-slide-inner\"><img decoding=\"async\" class=\"swiper-slide-image\" src=\"https:\/\/produtosmavi.com.br\/wp-content\/uploads\/2025\/01\/jornal-voz-ativa-ouro-preto-mg-minas-gerais-op-materia-11012022110719-150x150.jpg\" alt=\"jornal-voz-ativa-ouro-preto-mg-minas-gerais-op-materia--11012022110719\" \/><\/figure><\/div><div class=\"swiper-slide\" role=\"group\" aria-roledescription=\"slide\" aria-label=\"3 of 4\"><figure class=\"swiper-slide-inner\"><img decoding=\"async\" class=\"swiper-slide-image\" src=\"https:\/\/produtosmavi.com.br\/wp-content\/uploads\/2025\/01\/images-150x150.png\" alt=\"images\" \/><\/figure><\/div><div class=\"swiper-slide\" role=\"group\" aria-roledescription=\"slide\" aria-label=\"4 of 4\"><figure class=\"swiper-slide-inner\"><img decoding=\"async\" class=\"swiper-slide-image\" src=\"https:\/\/produtosmavi.com.br\/wp-content\/uploads\/2025\/01\/images-1-150x150.png\" alt=\"images (1)\" \/><\/figure><\/div>\t\t\t<\/div>\n\t\t\t\t\t\t\t\t\t\t\t\t<div class=\"elementor-swiper-button elementor-swiper-button-prev\" role=\"button\" tabindex=\"0\">\n\t\t\t\t\t\t<svg aria-hidden=\"true\" class=\"e-font-icon-svg e-eicon-chevron-left\" viewBox=\"0 0 1000 1000\" xmlns=\"http:\/\/www.w3.org\/2000\/svg\"><path d=\"M646 125C629 125 613 133 604 142L308 442C296 454 292 471 292 487 292 504 296 521 308 533L604 854C617 867 629 875 646 875 663 875 679 871 692 858 704 846 713 829 713 812 713 796 708 779 692 767L438 487 692 225C700 217 708 204 708 187 708 171 704 154 692 142 675 129 663 125 646 125Z\"><\/path><\/svg>\t\t\t\t\t<\/div>\n\t\t\t\t\t<div class=\"elementor-swiper-button elementor-swiper-button-next\" role=\"button\" tabindex=\"0\">\n\t\t\t\t\t\t<svg aria-hidden=\"true\" class=\"e-font-icon-svg e-eicon-chevron-right\" viewBox=\"0 0 1000 1000\" xmlns=\"http:\/\/www.w3.org\/2000\/svg\"><path d=\"M696 533C708 521 713 504 713 487 713 471 708 454 696 446L400 146C388 133 375 125 354 125 338 125 325 129 313 142 300 154 292 171 292 187 292 204 296 221 308 233L563 492 304 771C292 783 288 800 288 817 288 833 296 850 308 863 321 871 338 875 354 875 371 875 388 867 400 854L696 533Z\"><\/path><\/svg>\t\t\t\t\t<\/div>\n\t\t\t\t\n\t\t\t\t\t\t\t\t\t<div class=\"swiper-pagination\"><\/div>\n\t\t\t\t\t\t\t\t\t<\/div>\n\t\t\t\t\t\t<\/div>\n\t\t\t\t\t<\/div>\n\t\t\t\t<\/div>\n\t\t\t\t<\/div>\n\t\t","protected":false},"excerpt":{"rendered":"<p>Porque terceirizar os produtos de limpeza? \u00a0 \u00a0 \u00a0Identificada como uma alternativa eficaz para as empresas que querem ter marca pr\u00f3pria, a\u00a0terceiriza\u00e7\u00e3o de produtos de limpeza\u00a0surge no mercado como forma de dinamizar esse processo e torn\u00e1-lo seguro tanto para as empresas Terceiristas quanto para o consumidor final dos materiais de limpeza. \u00a0 \u00a0 \u00a0Com a [&hellip;]<\/p>\n","protected":false},"author":2,"featured_media":0,"parent":0,"menu_order":0,"comment_status":"closed","ping_status":"closed","template":"","meta":{"om_disable_all_campaigns":false,"_monsterinsights_skip_tracking":false,"_monsterinsights_sitenote_active":false,"_monsterinsights_sitenote_note":"","_monsterinsights_sitenote_category":0,"_uf_show_specific_survey":0,"_uf_disable_surveys":false,"_kadence_starter_templates_imported_post":false,"footnotes":""},"class_list":["post-317","page","type-page","status-publish","hentry"],"aioseo_notices":[],"_links":{"self":[{"href":"https:\/\/produtosmavi.com.br\/index.php?rest_route=\/wp\/v2\/pages\/317","targetHints":{"allow":["GET"]}}],"collection":[{"href":"https:\/\/produtosmavi.com.br\/index.php?rest_route=\/wp\/v2\/pages"}],"about":[{"href":"https:\/\/produtosmavi.com.br\/index.php?rest_route=\/wp\/v2\/types\/page"}],"author":[{"embeddable":true,"href":"https:\/\/produtosmavi.com.br\/index.php?rest_route=\/wp\/v2\/users\/2"}],"replies":[{"embeddable":true,"href":"https:\/\/produtosmavi.com.br\/index.php?rest_route=%2Fwp%2Fv2%2Fcomments&post=317"}],"version-history":[{"count":85,"href":"https:\/\/produtosmavi.com.br\/index.php?rest_route=\/wp\/v2\/pages\/317\/revisions"}],"predecessor-version":[{"id":947,"href":"https:\/\/produtosmavi.com.br\/index.php?rest_route=\/wp\/v2\/pages\/317\/revisions\/947"}],"wp:attachment":[{"href":"https:\/\/produtosmavi.com.br\/index.php?rest_route=%2Fwp%2Fv2%2Fmedia&parent=317"}],"curies":[{"name":"wp","href":"https:\/\/api.w.org\/{rel}","templated":true}]}}